{"id":81,"date":"2013-08-28T22:15:38","date_gmt":"2013-08-28T20:15:38","guid":{"rendered":"http:\/\/www.feuerwehr-thiersheim.de\/neu\/?page_id=81"},"modified":"2021-07-21T08:10:00","modified_gmt":"2021-07-21T06:10:00","slug":"huepfburgen","status":"publish","type":"page","link":"https:\/\/www.feuerwehr-thiersheim.de\/neu\/?page_id=81","title":{"rendered":"H\u00fcpfburgen"},"content":{"rendered":"<h2 align=\"center\"><span style=\"font-family: Arial, Helvetica, Geneva, Swiss, SunSans-Regular;\">H\u00fcpfburgen zu vermieten!<\/span><\/h2>\n<p align=\"center\"><span style=\"text-decoration: underline;\"><b>Kontakt:<br \/>\n<\/b><\/span><b>FF Thiersheim, Patrick Schilde,<br \/>\nhuepfburg@feuerwehr-thiersheim.de<br \/>\n<\/b><b>Tel.: 0175 \/ 596 1332<\/b><\/p>\n<p style=\"text-align: center;\" align=\"center\"><img loading=\"lazy\" class=\"aligncenter\" src=\"http:\/\/www.feuerwehr-thiersheim.de\/pics\/PICT1083.JPG\" alt=\"\" width=\"640\" height=\"480\" border=\"0\" \/><strong>Feuerwehrauto<\/strong> Gr\u00f6\u00dfe: 6m x 5m<\/p>\n<p><a href=\"https:\/\/www.feuerwehr-thiersheim.de\/neu\/wp-content\/uploads\/huepfburgkrabbelkaefer.jpg\"><img loading=\"lazy\" class=\"aligncenter wp-image-1815 size-full\" src=\"https:\/\/www.feuerwehr-thiersheim.de\/neu\/wp-content\/uploads\/huepfburgkrabbelkaefer.jpg\" alt=\"\" width=\"640\" height=\"480\" srcset=\"https:\/\/www.feuerwehr-thiersheim.de\/neu\/wp-content\/uploads\/huepfburgkrabbelkaefer.jpg 673w, https:\/\/www.feuerwehr-thiersheim.de\/neu\/wp-content\/uploads\/huepfburgkrabbelkaefer-300x225.jpg 300w\" sizes=\"(max-width: 640px) 100vw, 640px\" \/><\/a><\/p>\n<p align=\"center\"><strong>Krabbelk\u00e4fer<\/strong> Gr\u00f6\u00dfe 4m x 4m<\/p>\n<p><a href=\"https:\/\/www.feuerwehr-thiersheim.de\/neu\/wp-content\/uploads\/palmen.jpg\"><img loading=\"lazy\" class=\"aligncenter size-full wp-image-1819\" src=\"https:\/\/www.feuerwehr-thiersheim.de\/neu\/wp-content\/uploads\/palmen.jpg\" alt=\"\" width=\"640\" height=\"480\" srcset=\"https:\/\/www.feuerwehr-thiersheim.de\/neu\/wp-content\/uploads\/palmen.jpg 640w, https:\/\/www.feuerwehr-thiersheim.de\/neu\/wp-content\/uploads\/palmen-300x225.jpg 300w\" sizes=\"(max-width: 640px) 100vw, 640px\" \/><\/a><\/p>\n<p align=\"center\"><strong>Palmeninsel<\/strong> 6m x 7m<\/p>\n<p style=\"text-align: center;\"><img loading=\"lazy\" class=\"aligncenter\" src=\"http:\/\/www.feuerwehr-thiersheim.de\/pics\/hupfburg_alt.JPG\" alt=\"\" width=\"640\" height=\"480\" border=\"0\" \/><strong>Elefant<\/strong> 6m x 6m<\/p>\n<p align=\"center\"><span style=\"text-decoration: underline;\"><b>Kontakt:<br \/>\n<\/b><\/span><b>FF Thiersheim, Patrick Schilde,<br \/>\nhuepfburg@feuerwehr-thiersheim.de<br \/>\n<\/b><b>Tel.: 0175 \/ 596 1332<\/b><\/p>\n","protected":false},"excerpt":{"rendered":"<p>H\u00fcpfburgen zu vermieten! Kontakt: FF Thiersheim, Patrick Schilde, huepfburg@feuerwehr-thiersheim.de Tel.: 0175 \/ 596 1332 Feuerwehrauto Gr\u00f6\u00dfe: 6m x 5m Krabbelk\u00e4fer Gr\u00f6\u00dfe 4m x 4m Palmeninsel 6m x 7m Elefant 6m x 6m Kontakt: FF Thiersheim, Patrick Schilde, huepfburg@feuerwehr-thiersheim.de Tel.: 0175 \/ 596 1332<\/p>\n","protected":false},"author":1,"featured_media":0,"parent":0,"menu_order":0,"comment_status":"open","ping_status":"closed","template":"","meta":[],"_links":{"self":[{"href":"https:\/\/www.feuerwehr-thiersheim.de\/neu\/index.php?rest_route=\/wp\/v2\/pages\/81"}],"collection":[{"href":"https:\/\/www.feuerwehr-thiersheim.de\/neu\/index.php?rest_route=\/wp\/v2\/pages"}],"about":[{"href":"https:\/\/www.feuerwehr-thiersheim.de\/neu\/index.php?rest_route=\/wp\/v2\/types\/page"}],"author":[{"embeddable":true,"href":"https:\/\/www.feuerwehr-thiersheim.de\/neu\/index.php?rest_route=\/wp\/v2\/users\/1"}],"replies":[{"embeddable":true,"href":"https:\/\/www.feuerwehr-thiersheim.de\/neu\/index.php?rest_route=%2Fwp%2Fv2%2Fcomments&post=81"}],"version-history":[{"count":13,"href":"https:\/\/www.feuerwehr-thiersheim.de\/neu\/index.php?rest_route=\/wp\/v2\/pages\/81\/revisions"}],"predecessor-version":[{"id":1826,"href":"https:\/\/www.feuerwehr-thiersheim.de\/neu\/index.php?rest_route=\/wp\/v2\/pages\/81\/revisions\/1826"}],"wp:attachment":[{"href":"https:\/\/www.feuerwehr-thiersheim.de\/neu\/index.php?rest_route=%2Fwp%2Fv2%2Fmedia&parent=81"}],"curies":[{"name":"wp","href":"https:\/\/api.w.org\/{rel}","templated":true}]}}