{"id":77,"date":"2013-08-28T22:12:43","date_gmt":"2013-08-28T20:12:43","guid":{"rendered":"http:\/\/www.feuerwehr-thiersheim.de\/neu\/?page_id=77"},"modified":"2013-08-28T22:12:43","modified_gmt":"2013-08-28T20:12:43","slug":"geraetehaus","status":"publish","type":"page","link":"https:\/\/www.feuerwehr-thiersheim.de\/neu\/?page_id=77","title":{"rendered":"Ger\u00e4tehaus"},"content":{"rendered":"<h1>Unser Ger\u00e4tehaus<\/h1>\n<p>Erbaut: 1979 &#8211; 1980<br \/>\nFahrzeugstellpl\u00e4tze: 2<br \/>\nSchauchpflege mit Schr\u00e4gtrocknung<br \/>\nAufenthaltsraum, K\u00fcche, Kommandantenb\u00fcro, Schulungsraum, Toiletten, Abstellraum<\/p>\n<p><img loading=\"lazy\" title=\"Feuerwehrhaus\" alt=\"Feuerwehrhaus\" src=\"http:\/\/www.feuerwehr-thiersheim.de\/images\/ffeuerwehrhaus1.jpg\" width=\"600\" height=\"398\" \/><\/p>\n<p><img loading=\"lazy\" title=\"Feuerwehrhaus\" alt=\"Feuerwehrhaus\" src=\"http:\/\/www.feuerwehr-thiersheim.de\/images\/ffeuerwehrhaus3.jpg\" width=\"600\" height=\"398\" \/><\/p>\n","protected":false},"excerpt":{"rendered":"<p>Unser Ger\u00e4tehaus Erbaut: 1979 &#8211; 1980 Fahrzeugstellpl\u00e4tze: 2 Schauchpflege mit Schr\u00e4gtrocknung Aufenthaltsraum, K\u00fcche, Kommandantenb\u00fcro, Schulungsraum, Toiletten, Abstellraum<\/p>\n","protected":false},"author":1,"featured_media":0,"parent":0,"menu_order":0,"comment_status":"open","ping_status":"closed","template":"","meta":[],"_links":{"self":[{"href":"https:\/\/www.feuerwehr-thiersheim.de\/neu\/index.php?rest_route=\/wp\/v2\/pages\/77"}],"collection":[{"href":"https:\/\/www.feuerwehr-thiersheim.de\/neu\/index.php?rest_route=\/wp\/v2\/pages"}],"about":[{"href":"https:\/\/www.feuerwehr-thiersheim.de\/neu\/index.php?rest_route=\/wp\/v2\/types\/page"}],"author":[{"embeddable":true,"href":"https:\/\/www.feuerwehr-thiersheim.de\/neu\/index.php?rest_route=\/wp\/v2\/users\/1"}],"replies":[{"embeddable":true,"href":"https:\/\/www.feuerwehr-thiersheim.de\/neu\/index.php?rest_route=%2Fwp%2Fv2%2Fcomments&post=77"}],"version-history":[{"count":1,"href":"https:\/\/www.feuerwehr-thiersheim.de\/neu\/index.php?rest_route=\/wp\/v2\/pages\/77\/revisions"}],"predecessor-version":[{"id":78,"href":"https:\/\/www.feuerwehr-thiersheim.de\/neu\/index.php?rest_route=\/wp\/v2\/pages\/77\/revisions\/78"}],"wp:attachment":[{"href":"https:\/\/www.feuerwehr-thiersheim.de\/neu\/index.php?rest_route=%2Fwp%2Fv2%2Fmedia&parent=77"}],"curies":[{"name":"wp","href":"https:\/\/api.w.org\/{rel}","templated":true}]}}