{"id":75,"date":"2013-08-28T22:12:13","date_gmt":"2013-08-28T20:12:13","guid":{"rendered":"http:\/\/www.feuerwehr-thiersheim.de\/neu\/?page_id=75"},"modified":"2018-10-05T11:37:10","modified_gmt":"2018-10-05T09:37:10","slug":"fahrzeuge","status":"publish","type":"page","link":"https:\/\/www.feuerwehr-thiersheim.de\/neu\/?page_id=75","title":{"rendered":"Fahrzeuge"},"content":{"rendered":"<p>&nbsp;<\/p>\n<table border=\"0\" summary=\"\" cellspacing=\"1\" cellpadding=\"1\">\n<tbody>\n<tr>\n<td>\n<h2><b>MAN GW-L2<br \/>\n(Ger\u00e4tewagen Logistik)<\/b><\/h2>\n<\/td>\n<\/tr>\n<tr>\n<td><img src=\"http:\/\/www.feuerwehr-thiersheim.de\/upload\/gw-l2.jpg\" alt=\"\" width=\"250\" border=\"0\" \/><\/td>\n<td>Das GW-L2 ist mit allen notwendigen Mitteln zur Brandbek\u00e4mpfung und zur Verkehrsabsicherung auf Autobahnen ausger\u00fcstet.<br \/>\nTyp: Ger\u00e4tewagen &#8211; Logistik<br \/>\nFahrgestell: MAN Typ TGM 13.290<br \/>\nLeistung: ca. 290 PS, Allradantrieb, Singlebereifung<br \/>\nAufbau: Fa. Hensel Fahrzeugbau<br \/>\nFunkrufname: Florian Thiersheim 57\/1<br \/>\nBaujahr: 2011<br \/>\nBesatzung: 1 \/ 5<\/td>\n<\/tr>\n<\/tbody>\n<\/table>\n<p><b><span style=\"text-decoration: underline;\">Ausstattung:<\/span><\/b><\/p>\n<p>Pritschenaufbau mit Ladebordwand und Planengestell<br \/>\nLeichtbau-Ger\u00e4tefach aus Aluminium<br \/>\nHeck Leuchtenkonsole in LED-Technik<br \/>\n1.000m B &#8211; Leitung in Rollwagen<br \/>\nSchaummittel: 120 l in Kanistern<br \/>\nStromerzeuger<br \/>\nTragbare Pumpe TS 8\/8<br \/>\nPneumatischer Lichtmast 2 x 1000W<\/p>\n<p><b><span style=\"text-decoration: underline;\">Weitere Ausr\u00fcstungsmerkmale sind:<\/span><\/b><\/p>\n<p>4 Pressluftatmer Typ Dr\u00e4ger PSS 5000 DP mit Bewegungslosmelder<br \/>\n4 Reserveflaschen f\u00fcr Pressluftatmer<br \/>\nAu\u00dfr\u00fcstung Verkehrsabsicherung Autobahn<br \/>\nAu\u00dferdem ist das GW-L2 nach Norm mit weiteren Ger\u00e4tschaften zur Brandbek\u00e4mpfung (Schl\u00e4uche, Strahlrohre, Feuerl\u00f6scher, usw.) sowie zur Technischen Hilfeleistung (Motorkettens\u00e4ge, Trennschleifer, T\u00fcr\u00f6ffnungssatz, Werkzeugkasten, usw.) ausgestattet.<\/p>\n<hr \/>\n<table border=\"0\" summary=\"\" cellspacing=\"1\" cellpadding=\"1\">\n<tbody>\n<tr>\n<td><\/td>\n<td>&nbsp;<\/p>\n<h2><b>MAN LF 16 \/ 12 (L\u00f6schgruppenfahrzeug)<\/b><\/h2>\n<\/td>\n<\/tr>\n<tr>\n<td><img src=\"http:\/\/www.feuerwehr-thiersheim.de\/upload\/lf16_12.jpg\" alt=\"\" width=\"250\" border=\"0\" \/><\/td>\n<td>Das LF 16\/12 ist mit allen notwendigen Mitteln zur Brandbek\u00e4mpfung und Technischen Hilfeleistung ausger\u00fcstet. Im Einsatzfall wird dieses Fahrzeug als erstes besetzt.<br \/>\nTyp: LF 16\/12<br \/>\nFahrgestell: MAN Typ 12.232<br \/>\nLeistung: ca. 230 PS, Allradantrieb<br \/>\nAufbau: Fa. A. Ziegler<br \/>\nFunkrufname: Florian Thiersheim 40\/1<br \/>\nBaujahr: 1992<br \/>\nBesatzung 1 \/ 8<\/td>\n<\/tr>\n<\/tbody>\n<\/table>\n<p><b><span style=\"text-decoration: underline;\">Ausstattung:<\/span><\/b><\/p>\n<p>L\u00f6schwassertank: 1.200 l<br \/>\nSchaummittel: 120 l in Kanistern<br \/>\nFest eingebaute Kreiselpumpe FPN<br \/>\nSchnellangriffschlauch DN 25 L\u00e4nge 30 m mit Hohlstahlrohr<br \/>\nLichtmast 2 x 1000W<br \/>\n2 Halterungen f\u00fcr Pressluftatmer im Mannschaftsraum<\/p>\n<p><b><span style=\"text-decoration: underline;\">Weitere Ausr\u00fcstungsmerkmale sind:<\/span><\/b><\/p>\n<p>Zwei-Mann-Haspel mit zehn B-L\u00e4ngen<br \/>\nHydraulik-Aggregat E50 Turbo Plus mit je 20 m Hydraulikschl\u00e4uchen (Fa. Weber)<br \/>\nSchneidger\u00e4t S 270-71 (Fa. Weber)<br \/>\nSchneidger\u00e4t RSX 200-107<br \/>\nSpreizer SP 49 (Fa. Weber)<br \/>\nRettungszylinder RZT 2-1500 XL<br \/>\nRettungszylinder RZT 2-1170<br \/>\n4 Pressluftatmer Typ Dr\u00e4ger PSS 5000 DP mit Bewegungslosmelder<br \/>\n4 Reserveflaschen f\u00fcr Pressluftatmer<br \/>\nHebekissensatz Vetter 1\/13<br \/>\nRohrdichtkissen Vetter 20\/40<br \/>\nAu\u00dferdem ist das LF 16\/12 nach Norm mit weiteren Ger\u00e4tschaften zur Brandbek\u00e4mpfung (Schl\u00e4uche, Strahlrohre, Feuerl\u00f6scher, usw.) sowie zur Technischen Hilfeleistung (Motorkettens\u00e4ge, Trennschleifer, Werkzeugkasten usw.) ausgestattet.<\/p>\n<hr \/>\n<table border=\"0\" summary=\"\" cellspacing=\"1\" cellpadding=\"1\">\n<tbody>\n<tr>\n<td>\n<h2><b>FORD MTW<br \/>\n(Mannschaftstransportwagen)<\/b><\/h2>\n<\/td>\n<\/tr>\n<tr>\n<td><img src=\"https:\/\/www.feuerwehr-thiersheim.de\/neu\/wp-content\/uploads\/MTW_klein.png\" alt=\"\" width=\"250\" border=\"0\" \/><\/td>\n<td>Fahrzeug zur Personenbef\u00f6rderung.<br \/>\nTyp: Mannschaftstransportwagen<br \/>\nFahrgestell: FORD Custom Combi<br \/>\nLeistung: ca. 130 PS<br \/>\nAufbau: Fa. Furtner &amp; Ammer<br \/>\nFunkrufname: Florian Thiersheim 14\/1<br \/>\nBaujahr: 2018<br \/>\nBesatzung: 8 Personen<\/td>\n<\/tr>\n<\/tbody>\n<\/table>\n<p><b><span style=\"text-decoration: underline;\">Ausstattung:<\/span><\/b><\/p>\n<p>LED Umfeldbeleuchtung<br \/>\nVerkehrswarneinrichtung am Heck<br \/>\nNotfallrucksack<\/p>\n","protected":false},"excerpt":{"rendered":"<p>&nbsp; MAN GW-L2 (Ger\u00e4tewagen Logistik) Das GW-L2 ist mit allen notwendigen Mitteln zur Brandbek\u00e4mpfung und zur Verkehrsabsicherung auf Autobahnen ausger\u00fcstet. Typ: Ger\u00e4tewagen &#8211; Logistik Fahrgestell: MAN Typ TGM 13.290 Leistung: ca. 290 PS, Allradantrieb, Singlebereifung Aufbau: Fa. Hensel Fahrzeugbau Funkrufname: Florian Thiersheim 57\/1 Baujahr: 2011 Besatzung: 1 \/ 5 Ausstattung: Pritschenaufbau mit Ladebordwand und Planengestell [&hellip;]<\/p>\n","protected":false},"author":1,"featured_media":0,"parent":0,"menu_order":0,"comment_status":"open","ping_status":"closed","template":"","meta":[],"_links":{"self":[{"href":"https:\/\/www.feuerwehr-thiersheim.de\/neu\/index.php?rest_route=\/wp\/v2\/pages\/75"}],"collection":[{"href":"https:\/\/www.feuerwehr-thiersheim.de\/neu\/index.php?rest_route=\/wp\/v2\/pages"}],"about":[{"href":"https:\/\/www.feuerwehr-thiersheim.de\/neu\/index.php?rest_route=\/wp\/v2\/types\/page"}],"author":[{"embeddable":true,"href":"https:\/\/www.feuerwehr-thiersheim.de\/neu\/index.php?rest_route=\/wp\/v2\/users\/1"}],"replies":[{"embeddable":true,"href":"https:\/\/www.feuerwehr-thiersheim.de\/neu\/index.php?rest_route=%2Fwp%2Fv2%2Fcomments&post=75"}],"version-history":[{"count":7,"href":"https:\/\/www.feuerwehr-thiersheim.de\/neu\/index.php?rest_route=\/wp\/v2\/pages\/75\/revisions"}],"predecessor-version":[{"id":1349,"href":"https:\/\/www.feuerwehr-thiersheim.de\/neu\/index.php?rest_route=\/wp\/v2\/pages\/75\/revisions\/1349"}],"wp:attachment":[{"href":"https:\/\/www.feuerwehr-thiersheim.de\/neu\/index.php?rest_route=%2Fwp%2Fv2%2Fmedia&parent=75"}],"curies":[{"name":"wp","href":"https:\/\/api.w.org\/{rel}","templated":true}]}}