{"id":72,"date":"2013-08-28T22:07:25","date_gmt":"2013-08-28T20:07:25","guid":{"rendered":"http:\/\/www.feuerwehr-thiersheim.de\/neu\/?page_id=72"},"modified":"2024-05-15T13:57:12","modified_gmt":"2024-05-15T11:57:12","slug":"ueber-die-wehr","status":"publish","type":"page","link":"https:\/\/www.feuerwehr-thiersheim.de\/neu\/?page_id=72","title":{"rendered":"\u00dcber die Wehr"},"content":{"rendered":"<h2>Feuerwehrf\u00fchrung:<\/h2>\n<p>1. Kommandant: Rainer Voith<br \/>\n2. Kommandant: Johannes Bauer<br \/>\nGer\u00e4tewart: Markus Reihl, Alexander Endere\u00df<br \/>\nJugendwart: Alexander Endere\u00df, Jonas Wollermann<br \/>\nKinderfeuerwehr: Thomas Reihl, Jens H\u00e4rtl<br \/>\nAtemschutzverantwortlicher: Patrick Schilde<\/p>\n<h2>Feuerwehrverein:<\/h2>\n<p>1. Vorsitzender: Christof Reihl<br \/>\n2. Vorsitzender: Markus Reihl<br \/>\nKassenwart: Jens H\u00e4rtl<br \/>\nSchriftf\u00fchrer: J\u00fcrgen Endere\u00df<br \/>\nBeisitzer: Siegfried Thoma, Lukas Thoma<\/p>\n<h3>Von der Entstehung bis heute<\/h3>\n<p>Vor dem Entstehen der Freiwilligen Feuerwehren waren alle Einwohner zum L\u00f6schdienst verpflichtet, denn die schmalen Gassen, die offenen Feuerstellen, die mit Schindeln gedeckten Fachwerkh\u00e4user, meist ohne Brandmauern, boten immer wieder Ursache f\u00fcr gro\u00dfe Feuersbr\u00fcnste.<br \/>\nAuch Thiersheim blieb von gro\u00dfen Brandkatastrophen nicht verschont. 1430 brannten die Hussiten den ganzen Markt nieder, am 12. Juni 1632 die Kroaten w\u00e4hrend des 30j\u00e4hrigen Krieges. Bereits ein Jahr sp\u00e4ter, am 10. Mai 1633 vernichtet ein Schadenfeuer 18 der inzwischen wieder neu aufgebauten H\u00e4user.<br \/>\nAber auch Unvorsichtigkeit war immer wieder Grund f\u00fcr schwere Br\u00e4nde: so zerst\u00f6rte 1672 ein Gro\u00dffeuer unter anderem das Pfarrhaus, brannten 1804 zwanzig H\u00e4user hinter der Kirche nieder, fiel 1855 die ganze \u201eZiegengasse\u201c dem Roten Hahn zum Opfer, um nur einige F\u00e4lle herauszuheben, die gro\u00dfen Schaden anrichteten.<\/p>\n<p>Im Jahr 1871 wurde vom\u00a0<a style=\"color: #000000;\" title=\"TSV Thiersheim\" href=\"http:\/\/www.tsv-thiersheim.de\/\" target=\"_blank\" rel=\"noopener noreferrer\">Turnverein Thiersheim<\/a>\u00a0die Freiwillige Feuerwehr als \u201eTurn-Feuer-Wehr zu Thiersheim\u201c ins Leben gerufen.<\/p>\n<p>Um das Jahr 1900 betrug die Mannschaftsst\u00e4rke um die 60 Mann. Neben einer ausziehbaren Leiter mit Handbetrieb waren zwei Handdruckspritzen vorhanden. In die \u00e4ltere musste das Wasser gesch\u00fcttet oder gepumpt werden, bevor man an die Brandbek\u00e4mpfung gehen konnte. Die zweite, etwas modernere war noch bis 1928 im Dienst (in diesem Jahr wurde die erste Motorspritze beschafft). Sie war schon mit Schl\u00e4uchen zum Spritzen und beiderseits mit Saugk\u00f6rben ausger\u00fcstet. 1926 kaufte die Marktgemeinde die heute noch vorhandene ausziehbare Leiter.<\/p>\n<p>Furchtbar brachen die Flammen am\u00a03. Juli 1930\u00a0\u00fcber den Marktplatz herein. 15 Anwesen mit Haupt- und Nebengeb\u00e4uden und vier weitere Scheunen, insgesamt 42 Geb\u00e4ude wurden ein Raub der Flammen. 30 Feuerwehren, darunter 12 mit Motorsteuerger\u00e4ten waren an der Brandstelle. Aus Eger war ein kompletter L\u00f6schzug mit im Einsatz.<br \/>\nIm Rundfunk wurde damals gemeldet:<i>&#8222;&#8230;ein Gro\u00dfbrand in einem b\u00f6hmischen Dorf nahe Hof&#8230;&#8220;<\/i><\/p>\n<p>Die drei Motorpumpen der Freiw. Feuerwehr Thiersheim (Fabrikate: Paul Ludwig, Fladerer, Metz) waren drei Tage ohne Unterbrechung in Betrieb.<br \/>\n<a style=\"color: #000000;\" href=\"http:\/\/www.feuerwehr-thiersheim.de\/upload\/grossbrand_gross.jpg\" target=\"blank\" rel=\"noopener noreferrer\"><img src=\"http:\/\/www.feuerwehr-thiersheim.de\/upload\/grossbrand.jpg\" alt=\"Zum vergr\u00f6\u00dfern auf das Bild klicken\" border=\"0\" \/><br \/>\nBlick vom Kirchturm auf die Brandstelle.\u00a0\u00a0<small>(Zum vergr\u00f6\u00dfern auf das Bild klicken.)<\/small><\/a><\/p>\n<p>1958 wurde ein Feuerl\u00f6schfahrzeug (LF 8, Marke Opel Blitz, Aufbau: Ziegler) angeschafft und 1963 ein zu dieser Zeit moderner Schlauchtrockenschrank.<\/p>\n<p>Da die Ger\u00e4tschaften im alten, 1877 erbauten, Gemeindehaus am Anger mehr schlecht als recht untergebracht waren, wurde im Februar 1979 der Neubau eines Feuerwehrger\u00e4tehauses mit zwei Stellpl\u00e4tzen beschlossen.<\/p>\n<p>Mit Fertigstellung des neuen Ger\u00e4tehauses im Jahr 1980 wurde auch ein neues \u201eLF 8\u201c der Marke Magirus-Deutz beschafft.<\/p>\n<p>Das mit viel Eigenleistung neu gebaute Feuerwehrhaus wurde zusammen mit dem neuen L\u00f6schfahrzeug am 5. Juli 1980 feierlich \u00fcbergeben.<\/p>\n<p>Vielf\u00e4ltige Aufgaben erforderten auch hochtechnisches Ger\u00e4t. Aus diesem Grund wurde 1992 ein \u201eLF 16\/12\u201c der Marke MAN mit Ziegler-Aufbau als zweites L\u00f6schfahrzeug beschafft. Dieses mit Zusatzbeladung zur technischen Hilfeleistung ausgestattete Fahrzeug ist vor allem f\u00fcr den Einsatz auf der neu gebauten Autobahn A93 \u2013 direkt neben dem Ort \u2013 gedacht.<br \/>\nMit der Dorferneuerung im Markt Thiersheim wurde 2011 der &#8222;Anger&#8220; und der Vorplatz vom Ger\u00e4tehaus neu gestaltet. In Verlauf dieser Ma\u00dfnahmen wurde auch das Ger\u00e4tehaus in Eigenleistung neu gestrichen und im hinteren Bereich ein Anbau angef\u00fcgt.<br \/>\nIm Jahr 2011 wurde das mittlerweile 31 Jahre alte L\u00f6schfahrzeug LF8 durch ein multifunktionales GW-L2 (Ger\u00e4tewagen Logistik 2) ersetzt.<br \/>\nDie Besonderheit dieses Fahrzeuges ist die Ladefl\u00e4che mit Ladebordwand und die Zusatzausstattung L\u00f6schwasserversorgung mit 1.000 Metern B-Leitung in Rollcontainern.<br \/>\nZur Absicherung bei Eins\u00e4tzen auf der BAB A93 stationierte der Landkreis Wunsiedel im Juli 2017 einen Verkehrssicherungsanh\u00e4nger.<br \/>\n2018 wurde der Mannschaftstransprortwagen (MTW), ein FORD Custom Combi mit acht Sitzpl\u00e4tzen, in Dienst gestellt.<br \/>\nAnsicht von Thiersheim aus s\u00fcdwestlicher Richtung. Die Aufnahme stammt von einer Postkarte und ist ca. aus dem Jahr 1955.<\/p>\n<p><img loading=\"lazy\" class=\"alignnone\" title=\"Ansicht von Thiersheim aus s\u00fcdwestlicher Richtung, ca. 1955\" src=\"http:\/\/www.feuerwehr-thiersheim.de\/upload\/thiersheim_1955.jpg\" alt=\"Ansicht ca. 1955\" width=\"600\" height=\"386\" \/><\/p>\n","protected":false},"excerpt":{"rendered":"<p>Feuerwehrf\u00fchrung: 1. Kommandant: Rainer Voith 2. Kommandant: Johannes Bauer Ger\u00e4tewart: Markus Reihl, Alexander Endere\u00df Jugendwart: Alexander Endere\u00df, Jonas Wollermann Kinderfeuerwehr: Thomas Reihl, Jens H\u00e4rtl Atemschutzverantwortlicher: Patrick Schilde Feuerwehrverein: 1. Vorsitzender: Christof Reihl 2. Vorsitzender: Markus Reihl Kassenwart: Jens H\u00e4rtl Schriftf\u00fchrer: J\u00fcrgen Endere\u00df Beisitzer: Siegfried Thoma, Lukas Thoma Von der Entstehung bis heute Vor dem Entstehen [&hellip;]<\/p>\n","protected":false},"author":1,"featured_media":0,"parent":0,"menu_order":0,"comment_status":"open","ping_status":"closed","template":"","meta":[],"_links":{"self":[{"href":"https:\/\/www.feuerwehr-thiersheim.de\/neu\/index.php?rest_route=\/wp\/v2\/pages\/72"}],"collection":[{"href":"https:\/\/www.feuerwehr-thiersheim.de\/neu\/index.php?rest_route=\/wp\/v2\/pages"}],"about":[{"href":"https:\/\/www.feuerwehr-thiersheim.de\/neu\/index.php?rest_route=\/wp\/v2\/types\/page"}],"author":[{"embeddable":true,"href":"https:\/\/www.feuerwehr-thiersheim.de\/neu\/index.php?rest_route=\/wp\/v2\/users\/1"}],"replies":[{"embeddable":true,"href":"https:\/\/www.feuerwehr-thiersheim.de\/neu\/index.php?rest_route=%2Fwp%2Fv2%2Fcomments&post=72"}],"version-history":[{"count":19,"href":"https:\/\/www.feuerwehr-thiersheim.de\/neu\/index.php?rest_route=\/wp\/v2\/pages\/72\/revisions"}],"predecessor-version":[{"id":2219,"href":"https:\/\/www.feuerwehr-thiersheim.de\/neu\/index.php?rest_route=\/wp\/v2\/pages\/72\/revisions\/2219"}],"wp:attachment":[{"href":"https:\/\/www.feuerwehr-thiersheim.de\/neu\/index.php?rest_route=%2Fwp%2Fv2%2Fmedia&parent=72"}],"curies":[{"name":"wp","href":"https:\/\/api.w.org\/{rel}","templated":true}]}}