{"id":108,"date":"2013-08-30T12:16:37","date_gmt":"2013-08-30T10:16:37","guid":{"rendered":"http:\/\/www.feuerwehr-thiersheim.de\/neu\/?page_id=108"},"modified":"2024-11-01T10:18:49","modified_gmt":"2024-11-01T08:18:49","slug":"jugendfeuerwehr","status":"publish","type":"page","link":"https:\/\/www.feuerwehr-thiersheim.de\/neu\/?page_id=108","title":{"rendered":"Jugendfeuerwehr"},"content":{"rendered":"<h2>Jugendfeuerwehr Thiersheim (12-18 Jahre)<\/h2>\n<p>Hallo,<br \/>\nwir von der Feuerwehr Thiersheim suchen dich.<br \/>\nDu suchst Spa\u00df und willst gleichzeitig anderen Menschen helfen???<br \/>\nDann bist du bei uns genau richtig!!!<br \/>\nDenn genau das ist es, was du bei uns geboten bekommst. In der Jugendfeuerwehr Thiersheim wird dir neben Freizeitaktivit\u00e4ten auch die Feuerwehr n\u00e4her gebracht. Und Lust bekommen???<br \/>\nDu findest uns jeden <strong>Mittwoch um 18:00<\/strong> am Ger\u00e4tehaus der Feuerwehr Thiersheim. Die Mitgliedschaft in der Feuerwehr ist \u00fcbrigens kostenlos. Unsere wichtigsten Aktivit\u00e4ten:<br \/>\n<b>Zeltlager; Schau\u00fcbung; Berufsfeuerwehrtag; Ausflug Regensburg; Besichtigung Rotes Kreuz, THW und verschiedene Feuerwehren; Eisstadion; Schwimmbad; Weihnachtsfeier; Pizzaessen und DVD Abend.<\/b><br \/>\nWir freuen uns schon jetzt auf Dein Kommen.<\/p>\n<p>Termine:<br \/>\n<em>Keine Termine vorhanden<\/em><\/p>\n<p>Das Team der Jugendfeuerwehr Thiersheim<\/p>\n<p>Bilder vom Zeltlager im August 2013:<\/p>\n<p><a href=\"https:\/\/www.feuerwehr-thiersheim.de\/neu\/wp-content\/uploads\/IMG_0076.jpg\"><img class=\"alignleft  wp-image-119\" src=\"https:\/\/www.feuerwehr-thiersheim.de\/neu\/wp-content\/uploads\/IMG_0076-300x168.jpg\" alt=\"IMG_0076\" height=\"200\" srcset=\"https:\/\/www.feuerwehr-thiersheim.de\/neu\/wp-content\/uploads\/IMG_0076-300x168.jpg 300w, https:\/\/www.feuerwehr-thiersheim.de\/neu\/wp-content\/uploads\/IMG_0076.jpg 800w\" sizes=\"(max-width: 300px) 100vw, 300px\" \/><\/a> <a href=\"https:\/\/www.feuerwehr-thiersheim.de\/neu\/wp-content\/uploads\/IMG_0065.jpg\"><img class=\"alignleft  wp-image-118\" src=\"https:\/\/www.feuerwehr-thiersheim.de\/neu\/wp-content\/uploads\/IMG_0065-300x168.jpg\" alt=\"IMG_0065\" height=\"200\" srcset=\"https:\/\/www.feuerwehr-thiersheim.de\/neu\/wp-content\/uploads\/IMG_0065-300x168.jpg 300w, https:\/\/www.feuerwehr-thiersheim.de\/neu\/wp-content\/uploads\/IMG_0065.jpg 800w\" sizes=\"(max-width: 300px) 100vw, 300px\" \/><\/a> <a href=\"https:\/\/www.feuerwehr-thiersheim.de\/neu\/wp-content\/uploads\/IMG_20130803_085416.jpg\"><img class=\"alignleft  wp-image-117\" src=\"https:\/\/www.feuerwehr-thiersheim.de\/neu\/wp-content\/uploads\/IMG_20130803_085416-300x225.jpg\" alt=\"IMG_20130803_085416\" height=\"200\" srcset=\"https:\/\/www.feuerwehr-thiersheim.de\/neu\/wp-content\/uploads\/IMG_20130803_085416-300x225.jpg 300w, https:\/\/www.feuerwehr-thiersheim.de\/neu\/wp-content\/uploads\/IMG_20130803_085416.jpg 800w\" sizes=\"(max-width: 300px) 100vw, 300px\" \/><\/a> <a href=\"https:\/\/www.feuerwehr-thiersheim.de\/neu\/wp-content\/uploads\/IMG_20130802_183420.jpg\"><img class=\"alignleft  wp-image-116\" src=\"https:\/\/www.feuerwehr-thiersheim.de\/neu\/wp-content\/uploads\/IMG_20130802_183420-300x225.jpg\" alt=\"IMG_20130802_183420\" height=\"200\" srcset=\"https:\/\/www.feuerwehr-thiersheim.de\/neu\/wp-content\/uploads\/IMG_20130802_183420-300x225.jpg 300w, https:\/\/www.feuerwehr-thiersheim.de\/neu\/wp-content\/uploads\/IMG_20130802_183420.jpg 800w\" sizes=\"(max-width: 300px) 100vw, 300px\" \/><\/a> <a href=\"https:\/\/www.feuerwehr-thiersheim.de\/neu\/wp-content\/uploads\/IMG_0100.jpg\"><img class=\"alignleft  wp-image-115\" src=\"https:\/\/www.feuerwehr-thiersheim.de\/neu\/wp-content\/uploads\/IMG_0100-300x168.jpg\" alt=\"IMG_0100\" height=\"200\" srcset=\"https:\/\/www.feuerwehr-thiersheim.de\/neu\/wp-content\/uploads\/IMG_0100-300x168.jpg 300w, https:\/\/www.feuerwehr-thiersheim.de\/neu\/wp-content\/uploads\/IMG_0100.jpg 800w\" sizes=\"(max-width: 300px) 100vw, 300px\" \/><\/a><\/p>\n","protected":false},"excerpt":{"rendered":"<p>Jugendfeuerwehr Thiersheim (12-18 Jahre) Hallo, wir von der Feuerwehr Thiersheim suchen dich. Du suchst Spa\u00df und willst gleichzeitig anderen Menschen helfen??? Dann bist du bei uns genau richtig!!! Denn genau das ist es, was du bei uns geboten bekommst. In der Jugendfeuerwehr Thiersheim wird dir neben Freizeitaktivit\u00e4ten auch die Feuerwehr n\u00e4her gebracht. Und Lust bekommen??? [&hellip;]<\/p>\n","protected":false},"author":1,"featured_media":0,"parent":0,"menu_order":0,"comment_status":"open","ping_status":"closed","template":"","meta":[],"_links":{"self":[{"href":"https:\/\/www.feuerwehr-thiersheim.de\/neu\/index.php?rest_route=\/wp\/v2\/pages\/108"}],"collection":[{"href":"https:\/\/www.feuerwehr-thiersheim.de\/neu\/index.php?rest_route=\/wp\/v2\/pages"}],"about":[{"href":"https:\/\/www.feuerwehr-thiersheim.de\/neu\/index.php?rest_route=\/wp\/v2\/types\/page"}],"author":[{"embeddable":true,"href":"https:\/\/www.feuerwehr-thiersheim.de\/neu\/index.php?rest_route=\/wp\/v2\/users\/1"}],"replies":[{"embeddable":true,"href":"https:\/\/www.feuerwehr-thiersheim.de\/neu\/index.php?rest_route=%2Fwp%2Fv2%2Fcomments&post=108"}],"version-history":[{"count":8,"href":"https:\/\/www.feuerwehr-thiersheim.de\/neu\/index.php?rest_route=\/wp\/v2\/pages\/108\/revisions"}],"predecessor-version":[{"id":2232,"href":"https:\/\/www.feuerwehr-thiersheim.de\/neu\/index.php?rest_route=\/wp\/v2\/pages\/108\/revisions\/2232"}],"wp:attachment":[{"href":"https:\/\/www.feuerwehr-thiersheim.de\/neu\/index.php?rest_route=%2Fwp%2Fv2%2Fmedia&parent=108"}],"curies":[{"name":"wp","href":"https:\/\/api.w.org\/{rel}","templated":true}]}}